{"id":13,"date":"2023-07-28T23:48:26","date_gmt":"2023-07-28T23:48:26","guid":{"rendered":"https:\/\/www.santacruzadv.com\/n01\/?page_id=13"},"modified":"2023-07-29T20:59:24","modified_gmt":"2023-07-29T20:59:24","slug":"a-homepage-section","status":"publish","type":"page","link":"https:\/\/www.santacruzadv.com\/n01\/a-homepage-section\/","title":{"rendered":"Desk China"},"content":{"rendered":"\n<p>Desde 2009 a China \u00e9 o maior parceiro comercial do Brasil. T\u00e3o forte uni\u00e3o \u00e9 ressaltada pelas rela\u00e7\u00f5es estabelecidas no BRICS, na Comunidade dos Pa\u00edses Latino-Americanos e Caribenhos (China-CELAC F\u00f3rum), F\u00f3rum para Coopera\u00e7\u00e3o Econ\u00f4mica e Comercial entre China e os Pa\u00edses de L\u00edngua Portuguesa (F\u00f3rum Macau), al\u00e9m das rela\u00e7\u00f5es estabelecidas com Banco Asi\u00e1tico de Investimento em Infraestrutura (BAII), do qual o Brasil \u00e9 parte.<\/p>\n\n\n\n<p>Essas rela\u00e7\u00f5es fazem com que as \u00e1reas do direito de ambos os pa\u00edses tamb\u00e9m se interconectem e trabalhem em harmonia, pensando nisso a Santa Cruz Consultoria Jur\u00eddica &amp; Advocacia abriu a suas portas para o&nbsp;joint ventures, tendo como \u00e1reas chave:<\/p>\n\n\n\n<ul class=\"wp-block-list\">\n<li>Prote\u00e7\u00e3o de dados e Privacidade<\/li>\n\n\n\n<li>Governan\u00e7a e Conformidade<\/li>\n\n\n\n<li>Tecnologia e telecomunica\u00e7\u00f5es<\/li>\n\n\n\n<li>Propriedade Intelectual<\/li>\n\n\n\n<li>Agroneg\u00f3cios<\/li>\n\n\n\n<li>Com\u00e9rcio<\/li>\n\n\n\n<li>Energia e recursos naturais<\/li>\n\n\n\n<li>Farmac\u00eautico, sa\u00fade e biotecnologia<\/li>\n\n\n\n<li>Infraestrutura e transportes<\/li>\n\n\n\n<li>Servi\u00e7os financeiros<\/li>\n<\/ul>\n\n\n\n<p>A Santa Cruz Consultoria Jur\u00eddica e Advocacia auxilia empresas locais e chinesas a se adaptar ou a se adequar \u00e0s diretrizes das leis brasileiras. Nossa equipe conta com profissionais qualificados e amantes da cultura chinesa.&nbsp;<\/p>\n\n\n\n<p>Al\u00e9m disso, o <em>Chinese Desk<\/em> Santa Cruz tem enfoque direto na recente Lei 13.709 de 14 agosto de 2018, que versa sobre o tratamento de dados pessoais. Esse direcionamento est\u00e1 presente em todas as \u00e1reas mencionadas acima.<\/p>\n","protected":false},"excerpt":{"rendered":"<p>Desde 2009 a China \u00e9 o maior parceiro comercial do Brasil. T\u00e3o forte uni\u00e3o \u00e9 ressaltada pelas rela\u00e7\u00f5es estabelecidas no BRICS, na Comunidade dos Pa\u00edses Latino-Americanos e Caribenhos (China-CELAC F\u00f3rum), F\u00f3rum para Coopera\u00e7\u00e3o Econ\u00f4mica e Comercial entre China e os Pa\u00edses de L\u00edngua Portuguesa (F\u00f3rum Macau), al\u00e9m das rela\u00e7\u00f5es estabelecidas com Banco Asi\u00e1tico de Investimento &hellip; <\/p>\n<p class=\"link-more\"><a href=\"https:\/\/www.santacruzadv.com\/n01\/a-homepage-section\/\" class=\"more-link\">Continue reading<span class=\"screen-reader-text\"> &#8220;Desk China&#8221;<\/span><\/a><\/p>\n","protected":false},"author":1,"featured_media":92,"parent":0,"menu_order":0,"comment_status":"closed","ping_status":"closed","template":"","meta":{"_uag_custom_page_level_css":"","footnotes":""},"class_list":["post-13","page","type-page","status-publish","has-post-thumbnail","hentry"],"aioseo_notices":[],"uagb_featured_image_src":{"full":["https:\/\/www.santacruzadv.com\/n01\/wp-content\/uploads\/2023\/07\/china-chinese-character-books-2542568.jpg",1280,853,false],"thumbnail":["https:\/\/www.santacruzadv.com\/n01\/wp-content\/uploads\/2023\/07\/china-chinese-character-books-2542568-150x150.jpg",150,150,true],"medium":["https:\/\/www.santacruzadv.com\/n01\/wp-content\/uploads\/2023\/07\/china-chinese-character-books-2542568-300x200.jpg",300,200,true],"medium_large":["https:\/\/www.santacruzadv.com\/n01\/wp-content\/uploads\/2023\/07\/china-chinese-character-books-2542568-768x512.jpg",525,350,true],"large":["https:\/\/www.santacruzadv.com\/n01\/wp-content\/uploads\/2023\/07\/china-chinese-character-books-2542568-1024x682.jpg",525,350,true],"1536x1536":["https:\/\/www.santacruzadv.com\/n01\/wp-content\/uploads\/2023\/07\/china-chinese-character-books-2542568.jpg",1280,853,false],"2048x2048":["https:\/\/www.santacruzadv.com\/n01\/wp-content\/uploads\/2023\/07\/china-chinese-character-books-2542568.jpg",1280,853,false],"twentyseventeen-featured-image":["https:\/\/www.santacruzadv.com\/n01\/wp-content\/uploads\/2023\/07\/china-chinese-character-books-2542568.jpg",1280,853,false],"twentyseventeen-thumbnail-avatar":["https:\/\/www.santacruzadv.com\/n01\/wp-content\/uploads\/2023\/07\/china-chinese-character-books-2542568-100x100.jpg",100,100,true]},"uagb_author_info":{"display_name":"brclassea_sv8ltj","author_link":"https:\/\/www.santacruzadv.com\/n01\/author\/brclassea_sv8ltj\/"},"uagb_comment_info":0,"uagb_excerpt":"Desde 2009 a China \u00e9 o maior parceiro comercial do Brasil. T\u00e3o forte uni\u00e3o \u00e9 ressaltada pelas rela\u00e7\u00f5es estabelecidas no BRICS, na Comunidade dos Pa\u00edses Latino-Americanos e Caribenhos (China-CELAC F\u00f3rum), F\u00f3rum para Coopera\u00e7\u00e3o Econ\u00f4mica e Comercial entre China e os Pa\u00edses de L\u00edngua Portuguesa (F\u00f3rum Macau), al\u00e9m das rela\u00e7\u00f5es estabelecidas com Banco Asi\u00e1tico de Investimento&hellip;","_links":{"self":[{"href":"https:\/\/www.santacruzadv.com\/n01\/wp-json\/wp\/v2\/pages\/13","targetHints":{"allow":["GET"]}}],"collection":[{"href":"https:\/\/www.santacruzadv.com\/n01\/wp-json\/wp\/v2\/pages"}],"about":[{"href":"https:\/\/www.santacruzadv.com\/n01\/wp-json\/wp\/v2\/types\/page"}],"author":[{"embeddable":true,"href":"https:\/\/www.santacruzadv.com\/n01\/wp-json\/wp\/v2\/users\/1"}],"replies":[{"embeddable":true,"href":"https:\/\/www.santacruzadv.com\/n01\/wp-json\/wp\/v2\/comments?post=13"}],"version-history":[{"count":3,"href":"https:\/\/www.santacruzadv.com\/n01\/wp-json\/wp\/v2\/pages\/13\/revisions"}],"predecessor-version":[{"id":93,"href":"https:\/\/www.santacruzadv.com\/n01\/wp-json\/wp\/v2\/pages\/13\/revisions\/93"}],"wp:featuredmedia":[{"embeddable":true,"href":"https:\/\/www.santacruzadv.com\/n01\/wp-json\/wp\/v2\/media\/92"}],"wp:attachment":[{"href":"https:\/\/www.santacruzadv.com\/n01\/wp-json\/wp\/v2\/media?parent=13"}],"curies":[{"name":"wp","href":"https:\/\/api.w.org\/{rel}","templated":true}]}}