{"id":18,"date":"2023-07-28T23:48:27","date_gmt":"2023-07-28T23:48:27","guid":{"rendered":"https:\/\/www.santacruzadv.com\/n01\/?page_id=18"},"modified":"2023-12-13T19:54:25","modified_gmt":"2023-12-13T19:54:25","slug":"destaque-do-mes","status":"publish","type":"page","link":"https:\/\/www.santacruzadv.com\/n01\/destaque-do-mes\/","title":{"rendered":"Destaque do m\u00eas"},"content":{"rendered":"\n<p>Com a finalidade de promover a dissemina\u00e7\u00e3o de informa\u00e7\u00f5es de qualidade e participar ativamente na constru\u00e7\u00e3o de uma sociedade mais justa e equitativa, apresentamos a <strong>CARTILHA DE BOAS PRATICAS &#8211; ORIENTA\u00c7\u00d5ES PARA REDUZIR O RISCO DE MONTAGENS POR INTELIG\u00caNCIA ARTIFICIAL NO CORPO DE CRIAN\u00c7AS E ADOLESCENTES.<\/strong> Nossa miss\u00e3o \u00e9 proporcionar recursos que fortale\u00e7am o conhecimento e promovam um ambiente social mais informado e consciente.<\/p>\n\n\n\n<div class=\"wp-block-uagb-image alignleft uagb-block-2b98823a wp-block-uagb-image--layout-default wp-block-uagb-image--effect-static wp-block-uagb-image--align-left\"><figure class=\"wp-block-uagb-image__figure\"><img decoding=\"async\" srcset=\"https:\/\/www.santacruzadv.com\/n01\/wp-content\/uploads\/2023\/12\/capa-724x1024.jpg \" sizes=\"auto, (max-width: 480px) 150px\" src=\"https:\/\/www.santacruzadv.com\/n01\/wp-content\/uploads\/2023\/12\/capa-724x1024.jpg\" alt=\"\" class=\"uag-image-152\" width=\"282\" height=\"399\" title=\"\" loading=\"lazy\"\/><\/figure><\/div>\n\n\n\n<p>Acreditamos no poder da informa\u00e7\u00e3o como um catalisador para mudan\u00e7as positivas, e \u00e9 por isso que compartilhamos esta cartilha sob a licen\u00e7a <em>Creative Commons Atribui\u00e7\u00e3o-N\u00e3oComercial-CompartilhaIgual 4.0 Internaciona<\/em>l (CC BY-NC-SA 4.0). Essa escolha de licen\u00e7a reflete nosso compromisso em permitir que as pessoas utilizem, compartilhem e adaptem o conte\u00fado, desde que seja para fins n\u00e3o comerciais e que as obras derivadas tamb\u00e9m sejam compartilhadas sob a mesma licen\u00e7a.<\/p>\n\n\n\n<p>Este trabalho \u00e9 parte integrante do Projeto ESG (Ambiental, Social e de Governan\u00e7a) da Santa Cruz Consultoria Jur\u00eddica, especificamente no pilar social. No \u00e2mbito desse projeto, buscamos contribuir significativamente para a sociedade digital, fornecendo informa\u00e7\u00f5es que promovam a conscientiza\u00e7\u00e3o e a compreens\u00e3o dos desafios e oportunidades presentes nesse ambiente em constante evolu\u00e7\u00e3o.<\/p>\n\n\n\n<p>Entendemos que a sociedade digital exige uma abordagem informada e respons\u00e1vel. Portanto, ao compartilhar este trabalho, visamos estimular o di\u00e1logo construtivo, fomentar a educa\u00e7\u00e3o digital e influenciar positivamente as pr\u00e1ticas sociais no mundo virtual. Ao adotar uma postura proativa no pilar social do Projeto ESG, buscamos ser agentes de transforma\u00e7\u00e3o na constru\u00e7\u00e3o de um ambiente digital mais inclusivo, \u00e9tico e sustent\u00e1vel.<\/p>\n\n\n\n<p>Fique \u00e0 vontade para baixar o conte\u00fado, dispon\u00edvel para download, abaixo:<\/p>\n\n\n\n<div data-wp-interactive=\"core\/file\" class=\"wp-block-file alignleft\"><object data-wp-bind--hidden=\"!state.hasPdfPreview\" hidden class=\"wp-block-file__embed\" data=\"https:\/\/www.santacruzadv.com\/n01\/wp-content\/uploads\/2023\/12\/CARTILHA_BOAS-PRATICAS_ORIENTACOES-PARA-REDUZIR-RISCO-DE-MONTAGENS-POR-IA_SANTA-CRUZ-ADVOCACIA_V2.pdf\" type=\"application\/pdf\" style=\"width:100%;height:905px\" aria-label=\"PDF embed\"><\/object><a href=\"https:\/\/www.santacruzadv.com\/n01\/wp-content\/uploads\/2023\/12\/CARTILHA_BOAS-PRATICAS_ORIENTACOES-PARA-REDUZIR-RISCO-DE-MONTAGENS-POR-IA_SANTA-CRUZ-ADVOCACIA_V2.pdf\" class=\"wp-block-file__button wp-element-button\" download>Download<\/a><\/div>\n\n\n\n<div class=\"wp-block-uagb-separator uagb-block-f929192d\"><div class=\"wp-block-uagb-separator__inner\" style=\"--my-background-image:\"><\/div><\/div>\n\n\n\n<blockquote class=\"wp-block-quote is-layout-flow wp-block-quote-is-layout-flow\">\n<p><\/p>\n<cite>&#8220;<strong><em>A preserva\u00e7\u00e3o da privacidade para as crian\u00e7as n\u00e3o \u00e9 apenas um direito fundamental, mas alicer\u00e7a a constru\u00e7\u00e3o de um ambiente seguro, incentivando confian\u00e7a, autonomia e um desenvolvimento saud\u00e1vel, moldando um futuro digital onde cada passo seja protegido com respeito e responsabilidade<\/em><\/strong>!&#8221;<\/cite><\/blockquote>\n\n\n\n<div class=\"wp-block-uagb-separator uagb-block-817c8a34\"><div class=\"wp-block-uagb-separator__inner\" style=\"--my-background-image:\"><\/div><\/div>\n\n\n\n<hr class=\"wp-block-separator has-alpha-channel-opacity is-style-default\"\/>\n\n\n\n<!--nextpage-->\n\n\n\n<div class=\"wp-block-group\"><div class=\"wp-block-group__inner-container is-layout-constrained wp-block-group-is-layout-constrained\">\n<div class=\"wp-block-uagb-separator uagb-block-9325c293\"><div class=\"wp-block-uagb-separator__inner\" style=\"--my-background-image:\"><\/div><\/div>\n<\/div><\/div>\n\n\n\n<p><strong><a href=\"https:\/\/www.santacruzadv.com\/artigos\/Educacao_e_Internet_CARTILHA_v3_0.pdf\" target=\"_blank\" rel=\"noopener\" title=\"\">EDUCA\u00c7\u00c3O E SEGURAN\u00c7A NAINTERNET: Protegendo Crian\u00e7as<\/a>,<a href=\"https:\/\/www.santacruzadv.com\/artigos\/Educacao_e_Internet_CARTILHA_v3_0.pdf\" target=\"_blank\" rel=\"noopener\" title=\"\"> Adolescentes e Fam\u00edlia<\/a><\/strong><\/p>\n\n\n\n<p>\u00c9 com imensa satisfa\u00e7\u00e3o que anunciamos o lan\u00e7amento da cartilha &#8220;EDUCA\u00c7\u00c3O ESEGURAN\u00c7A NA INTERNET: Protegendo Crian\u00e7as, Adolescentes e Fam\u00edlia&#8221;, na sua terceira edi\u00e7\u00e3o. Este material \u00e9 o resultado deum esfor\u00e7o conjunto para oferecer informa\u00e7\u00f5es valiosas e orienta\u00e7\u00f5es pr\u00e1ticas ,com o objetivo de garantir a prote\u00e7\u00e3o e o bem-estar de nossas crian\u00e7as e adolescentes no ambiente digital em constante evolu\u00e7\u00e3o.<\/p>\n\n\n\n<p><strong>Cuidando de Crian\u00e7as e Adolescentes na Internet<\/strong><\/p>\n\n\n\n<p>Sabemos que a internet oferece in\u00fameras oportunidades para o aprendizado, a criatividade e a conex\u00e3o com o mundo. No entanto, tamb\u00e9m estamos cientes dos riscos e desafios que nossos jovens enfrentam ao navegar por esse vasto universo virtual. A cartilha aborda de forma abrangente e acess\u00edvel como pais, cuidadores e educadores podem auxiliar na orienta\u00e7\u00e3o sobre o uso seguro e respons\u00e1vel da internet.<\/p>\n\n\n\n<p><\/p>\n\n\n\n<p><a href=\"https:\/\/www.santacruzadv.com\/artigos\/Educacao_e_Internet_CARTILHA_v3_0.pdf\" target=\"_blank\" rel=\"noopener\" title=\"\"><img loading=\"lazy\" decoding=\"async\" width=\"109\" height=\"52\" class=\"wp-image-130\" style=\"width: 109px;\" src=\"https:\/\/www.santacruzadv.com\/n01\/wp-content\/uploads\/2023\/08\/cartilha_Frank_Ned.png\" alt=\"\"><\/a><\/p>\n\n\n\n<p><\/p>\n\n\n\n<figure class=\"wp-block-video\"><video height=\"1122\" style=\"aspect-ratio: 792 \/ 1122;\" width=\"792\" autoplay controls loop src=\"https:\/\/www.santacruzadv.com\/n01\/wp-content\/uploads\/2023\/07\/CARTILHA_SEGURANCA-NA-INTERNET_SANTA-CRUZ-ADVOCACIA.mp4\"><\/video><\/figure>\n\n\n\n<p><strong>O Papel dos Pais e da Escola<\/strong><\/p>\n\n\n\n<p>Neste material, destacamos o papel fundamental que os pais desempenham na supervis\u00e3o das atividades online de seus filhos, fornecendo-lhes diretrizes adequadas e uma comunica\u00e7\u00e3o aberta para ajud\u00e1-los a navegar com seguran\u00e7a. Al\u00e9m disso, a escola desempenha um papel crucial na conscientiza\u00e7\u00e3o dos alunos sobre a import\u00e2ncia da privacidade, da \u00e9tica digital e da responsabilidade online.<\/p>\n\n\n\n<p><strong>Contribua para a Difus\u00e3o!<\/strong><\/p>\n\n\n\n<p>Entre no nosso grupo do WhatsApp e receba mais informa\u00e7\u00f5es sobre o tema!<br><a href=\"https:\/\/chat.whatsapp.com\/CISCW1X7iplCOICe3pD5tF\" target=\"_blank\" rel=\"noopener\" title=\"Clique aqui\"><strong><mark style=\"background-color:rgba(0, 0, 0, 0)\" class=\"has-inline-color has-vivid-green-cyan-color\">Clique aqui<\/mark><\/strong><\/a> para entregar no grupo ou escaneie o QRCode abaixo com a c\u00e2mera do seu aplicativo WhatsApp!<\/p>\n\n\n\n<figure class=\"wp-block-image size-full\"><img loading=\"lazy\" decoding=\"async\" width=\"381\" height=\"356\" src=\"https:\/\/www.santacruzadv.com\/n01\/wp-content\/uploads\/2023\/07\/Imagem-do-WhatsApp-de-2023-07-29-as-23.21.14-1.jpg\" alt=\"\" class=\"wp-image-100\" srcset=\"https:\/\/www.santacruzadv.com\/n01\/wp-content\/uploads\/2023\/07\/Imagem-do-WhatsApp-de-2023-07-29-as-23.21.14-1.jpg 381w, https:\/\/www.santacruzadv.com\/n01\/wp-content\/uploads\/2023\/07\/Imagem-do-WhatsApp-de-2023-07-29-as-23.21.14-1-300x280.jpg 300w\" sizes=\"auto, (max-width: 381px) 100vw, 381px\" \/><\/figure>\n\n\n\n<p>Entrando no grupo, voc\u00ea receber\u00e1 informa\u00e7\u00f5es correlacionadas e ter\u00e1 acesso a cartilha, caso n\u00e3o esteja em algum dos nossos canais de difus\u00e3o de informa\u00e7\u00e3o! <\/p>\n","protected":false},"excerpt":{"rendered":"<p>Com a finalidade de promover a dissemina\u00e7\u00e3o de informa\u00e7\u00f5es de qualidade e participar ativamente na constru\u00e7\u00e3o de uma sociedade mais justa e equitativa, apresentamos a CARTILHA DE BOAS PRATICAS &#8211; ORIENTA\u00c7\u00d5ES PARA REDUZIR O RISCO DE MONTAGENS POR INTELIG\u00caNCIA ARTIFICIAL NO CORPO DE CRIAN\u00c7AS E ADOLESCENTES. Nossa miss\u00e3o \u00e9 proporcionar recursos que fortale\u00e7am o conhecimento &hellip; <\/p>\n<p class=\"link-more\"><a href=\"https:\/\/www.santacruzadv.com\/n01\/destaque-do-mes\/\" class=\"more-link\">Continue reading<span class=\"screen-reader-text\"> &#8220;Destaque do m\u00eas&#8221;<\/span><\/a><\/p>\n","protected":false},"author":1,"featured_media":96,"parent":0,"menu_order":0,"comment_status":"closed","ping_status":"closed","template":"","meta":{"_uag_custom_page_level_css":"","footnotes":""},"class_list":["post-18","page","type-page","status-publish","has-post-thumbnail","hentry"],"aioseo_notices":[],"uagb_featured_image_src":{"full":["https:\/\/www.santacruzadv.com\/n01\/wp-content\/uploads\/2023\/07\/dandelions-multicoloured-pop-art-2817950.jpg",1280,578,false],"thumbnail":["https:\/\/www.santacruzadv.com\/n01\/wp-content\/uploads\/2023\/07\/dandelions-multicoloured-pop-art-2817950-150x150.jpg",150,150,true],"medium":["https:\/\/www.santacruzadv.com\/n01\/wp-content\/uploads\/2023\/07\/dandelions-multicoloured-pop-art-2817950-300x135.jpg",300,135,true],"medium_large":["https:\/\/www.santacruzadv.com\/n01\/wp-content\/uploads\/2023\/07\/dandelions-multicoloured-pop-art-2817950-768x347.jpg",525,237,true],"large":["https:\/\/www.santacruzadv.com\/n01\/wp-content\/uploads\/2023\/07\/dandelions-multicoloured-pop-art-2817950-1024x462.jpg",525,237,true],"1536x1536":["https:\/\/www.santacruzadv.com\/n01\/wp-content\/uploads\/2023\/07\/dandelions-multicoloured-pop-art-2817950.jpg",1280,578,false],"2048x2048":["https:\/\/www.santacruzadv.com\/n01\/wp-content\/uploads\/2023\/07\/dandelions-multicoloured-pop-art-2817950.jpg",1280,578,false],"twentyseventeen-featured-image":["https:\/\/www.santacruzadv.com\/n01\/wp-content\/uploads\/2023\/07\/dandelions-multicoloured-pop-art-2817950.jpg",1280,578,false],"twentyseventeen-thumbnail-avatar":["https:\/\/www.santacruzadv.com\/n01\/wp-content\/uploads\/2023\/07\/dandelions-multicoloured-pop-art-2817950-100x100.jpg",100,100,true]},"uagb_author_info":{"display_name":"brclassea_sv8ltj","author_link":"https:\/\/www.santacruzadv.com\/n01\/author\/brclassea_sv8ltj\/"},"uagb_comment_info":0,"uagb_excerpt":"Com a finalidade de promover a dissemina\u00e7\u00e3o de informa\u00e7\u00f5es de qualidade e participar ativamente na constru\u00e7\u00e3o de uma sociedade mais justa e equitativa, apresentamos a CARTILHA DE BOAS PRATICAS &#8211; ORIENTA\u00c7\u00d5ES PARA REDUZIR O RISCO DE MONTAGENS POR INTELIG\u00caNCIA ARTIFICIAL NO CORPO DE CRIAN\u00c7AS E ADOLESCENTES. Nossa miss\u00e3o \u00e9 proporcionar recursos que fortale\u00e7am o conhecimento&hellip;","_links":{"self":[{"href":"https:\/\/www.santacruzadv.com\/n01\/wp-json\/wp\/v2\/pages\/18","targetHints":{"allow":["GET"]}}],"collection":[{"href":"https:\/\/www.santacruzadv.com\/n01\/wp-json\/wp\/v2\/pages"}],"about":[{"href":"https:\/\/www.santacruzadv.com\/n01\/wp-json\/wp\/v2\/types\/page"}],"author":[{"embeddable":true,"href":"https:\/\/www.santacruzadv.com\/n01\/wp-json\/wp\/v2\/users\/1"}],"replies":[{"embeddable":true,"href":"https:\/\/www.santacruzadv.com\/n01\/wp-json\/wp\/v2\/comments?post=18"}],"version-history":[{"count":10,"href":"https:\/\/www.santacruzadv.com\/n01\/wp-json\/wp\/v2\/pages\/18\/revisions"}],"predecessor-version":[{"id":158,"href":"https:\/\/www.santacruzadv.com\/n01\/wp-json\/wp\/v2\/pages\/18\/revisions\/158"}],"wp:featuredmedia":[{"embeddable":true,"href":"https:\/\/www.santacruzadv.com\/n01\/wp-json\/wp\/v2\/media\/96"}],"wp:attachment":[{"href":"https:\/\/www.santacruzadv.com\/n01\/wp-json\/wp\/v2\/media?parent=18"}],"curies":[{"name":"wp","href":"https:\/\/api.w.org\/{rel}","templated":true}]}}