{"id":9,"date":"2023-07-28T23:48:26","date_gmt":"2023-07-28T23:48:26","guid":{"rendered":"https:\/\/www.santacruzadv.com\/n01\/?page_id=9"},"modified":"2023-07-29T13:43:50","modified_gmt":"2023-07-29T13:43:50","slug":"home","status":"publish","type":"page","link":"https:\/\/www.santacruzadv.com\/n01\/","title":{"rendered":"Seja bem vindo(a),"},"content":{"rendered":"\n<p>\u00c9 um prazer receber voc\u00ea em nosso site! Aproveite este espa\u00e7o para conhecer nosso trabalho, nossos servi\u00e7os e tamb\u00e9m nosso &#8220;na m\u00eddia&#8221; onde voc\u00ea encontra diversas entrevistas, reportagem e discuss\u00f5es sobre temas variados. <\/p>\n\n\n\n<p>Nossa assessoria jur\u00eddica conta com profissionais com uma uma forma\u00e7\u00e3o transdisciplinar, o que nos permite acompanhar os avan\u00e7os sociais e as necessidades das inova\u00e7\u00f5es tecnol\u00f3gicas, juntamente com o mundo do Direito.<\/p>\n\n\n\n<p><strong><mark style=\"background-color:rgba(0, 0, 0, 0)\" class=\"has-inline-color has-vivid-green-cyan-color\">Veja algumas de nossas especialidades:<\/mark><\/strong><\/p>\n\n\n\n<div class=\"wp-block-group is-vertical is-layout-flex wp-container-core-group-is-layout-8cf370e7 wp-block-group-is-layout-flex\">\n<ul class=\"wp-block-list\">\n<li>Assessoria Jur\u00eddica especializada em Tecnologia<\/li>\n\n\n\n<li>Intelig\u00eancia Artificial &#8211; IA<\/li>\n\n\n\n<li>Direito Constitucional <\/li>\n\n\n\n<li>Empresarial <\/li>\n\n\n\n<li>Prote\u00e7\u00e3o de Dados Pessoais e Privacidade<\/li>\n\n\n\n<li>Direito digital<\/li>\n\n\n\n<li>Direito empresarial<\/li>\n\n\n\n<li><em>Complience<\/em><\/li>\n\n\n\n<li>Resposta a Incidentes de Seguran\u00e7a<\/li>\n<\/ul>\n<\/div>\n\n\n\n<blockquote class=\"wp-block-quote is-layout-flow wp-block-quote-is-layout-flow\">\n<p><\/p>\n<\/blockquote>\n\n\n\n<p>Sabemos que o mundo conectado avan\u00e7a sem pedir licen\u00e7a, por essa raz\u00e3o, estamos vigilantes para alcan\u00e7ar, na mesma velocidade, solu\u00e7\u00f5es para os desafios se colocam diante de n\u00f3s. <\/p>\n\n\n\n<p>Todos n\u00f3s, desde jovens a idosos, precisamos estar conectados. A evolu\u00e7\u00e3o tecnol\u00f3gica tornou este um caminho sem volta. E, somado as necessidades da sociedade, precisamos aumentar a nossa prontid\u00e3o aos riscos. Nesse sentido, o Direito caminha junto a n\u00f3s para poder resguardar nossos direitos. <\/p>\n\n\n\n<p>Caso tenha tido algum problema relacionado a Internet, ao uso de dados, a prote\u00e7\u00e3o da sua privacidade ou ao mundo digital como um todo, n\u00e3o hesite em nos procurar, n\u00f3s poderemos, certamente, te ajudar!  <\/p>\n","protected":false},"excerpt":{"rendered":"<p>\u00c9 um prazer receber voc\u00ea em nosso site! Aproveite este espa\u00e7o para conhecer nosso trabalho, nossos servi\u00e7os e tamb\u00e9m nosso &#8220;na m\u00eddia&#8221; onde voc\u00ea encontra diversas entrevistas, reportagem e discuss\u00f5es sobre temas variados. Nossa assessoria jur\u00eddica conta com profissionais com uma uma forma\u00e7\u00e3o transdisciplinar, o que nos permite acompanhar os avan\u00e7os sociais e as necessidades &hellip; <\/p>\n<p class=\"link-more\"><a href=\"https:\/\/www.santacruzadv.com\/n01\/\" class=\"more-link\">Continue reading<span class=\"screen-reader-text\"> &#8220;Seja bem vindo(a),&#8221;<\/span><\/a><\/p>\n","protected":false},"author":1,"featured_media":0,"parent":0,"menu_order":0,"comment_status":"closed","ping_status":"closed","template":"","meta":{"_uag_custom_page_level_css":"","footnotes":""},"class_list":["post-9","page","type-page","status-publish","hentry"],"aioseo_notices":[],"uagb_featured_image_src":{"full":false,"thumbnail":false,"medium":false,"medium_large":false,"large":false,"1536x1536":false,"2048x2048":false,"twentyseventeen-featured-image":false,"twentyseventeen-thumbnail-avatar":false},"uagb_author_info":{"display_name":"brclassea_sv8ltj","author_link":"https:\/\/www.santacruzadv.com\/n01\/author\/brclassea_sv8ltj\/"},"uagb_comment_info":0,"uagb_excerpt":"\u00c9 um prazer receber voc\u00ea em nosso site! Aproveite este espa\u00e7o para conhecer nosso trabalho, nossos servi\u00e7os e tamb\u00e9m nosso &#8220;na m\u00eddia&#8221; onde voc\u00ea encontra diversas entrevistas, reportagem e discuss\u00f5es sobre temas variados. Nossa assessoria jur\u00eddica conta com profissionais com uma uma forma\u00e7\u00e3o transdisciplinar, o que nos permite acompanhar os avan\u00e7os sociais e as necessidades&hellip;","_links":{"self":[{"href":"https:\/\/www.santacruzadv.com\/n01\/wp-json\/wp\/v2\/pages\/9","targetHints":{"allow":["GET"]}}],"collection":[{"href":"https:\/\/www.santacruzadv.com\/n01\/wp-json\/wp\/v2\/pages"}],"about":[{"href":"https:\/\/www.santacruzadv.com\/n01\/wp-json\/wp\/v2\/types\/page"}],"author":[{"embeddable":true,"href":"https:\/\/www.santacruzadv.com\/n01\/wp-json\/wp\/v2\/users\/1"}],"replies":[{"embeddable":true,"href":"https:\/\/www.santacruzadv.com\/n01\/wp-json\/wp\/v2\/comments?post=9"}],"version-history":[{"count":5,"href":"https:\/\/www.santacruzadv.com\/n01\/wp-json\/wp\/v2\/pages\/9\/revisions"}],"predecessor-version":[{"id":46,"href":"https:\/\/www.santacruzadv.com\/n01\/wp-json\/wp\/v2\/pages\/9\/revisions\/46"}],"wp:attachment":[{"href":"https:\/\/www.santacruzadv.com\/n01\/wp-json\/wp\/v2\/media?parent=9"}],"curies":[{"name":"wp","href":"https:\/\/api.w.org\/{rel}","templated":true}]}}